{"id":23,"date":"2016-04-29T23:08:40","date_gmt":"2016-04-29T21:08:40","guid":{"rendered":"http:\/\/www.psychotherapie-niedermayr.at\/first\/?page_id=23"},"modified":"2025-10-24T10:38:09","modified_gmt":"2025-10-24T08:38:09","slug":"seite-nummer-2","status":"publish","type":"page","link":"http:\/\/www.psychotherapie-niedermayr.at\/?page_id=23","title":{"rendered":"Schwerpunkte"},"content":{"rendered":"<h6><a href=\"http:\/\/www.psychotherapie-niedermayr.at\/?page_id=45\">Angstst\u00f6rungen\u00a0<\/a><\/h6>\n<h6><a href=\"http:\/\/www.psychotherapie-niedermayr.at\/?page_id=87\">Zwangst\u00f6rungen<\/a><\/h6>\n<h6><a href=\"http:\/\/www.psychotherapie-niedermayr.at\/?page_id=83\">Depression<\/a><\/h6>\n<h6><a href=\"http:\/\/www.psychotherapie-niedermayr.at\/?page_id=89\">Schmerzst\u00f6rung<\/a><\/h6>\n<h6><a href=\"http:\/\/www.psychotherapie-niedermayr.at\/?page_id=91\">Pers\u00f6nlichkeitsst\u00f6rungen<\/a><\/h6>\n<h6><a href=\"http:\/\/www.psychotherapie-niedermayr.at\/?page_id=93\">Partnerschaft und Sexualit\u00e4t<\/a><\/h6>\n<h6><a href=\"http:\/\/www.psychotherapie-niedermayr.at\/?page_id=95\">Burnout<\/a><\/h6>\n<h6><a href=\"http:\/\/www.psychotherapie-niedermayr.at\/?page_id=97\">Prokrastination<\/a><\/h6>\n","protected":false},"excerpt":{"rendered":"<p>Angstst\u00f6rungen\u00a0 Zwangst\u00f6rungen Depression Schmerzst\u00f6rung Pers\u00f6nlichkeitsst\u00f6rungen Partnerschaft und Sexualit\u00e4t Burnout Prokrastination<\/p>\n","protected":false},"author":1,"featured_media":0,"parent":0,"menu_order":0,"comment_status":"closed","ping_status":"closed","template":"","meta":{"footnotes":""},"class_list":["post-23","page","type-page","status-publish","hentry"],"amp_enabled":true,"_links":{"self":[{"href":"http:\/\/www.psychotherapie-niedermayr.at\/index.php?rest_route=\/wp\/v2\/pages\/23","targetHints":{"allow":["GET"]}}],"collection":[{"href":"http:\/\/www.psychotherapie-niedermayr.at\/index.php?rest_route=\/wp\/v2\/pages"}],"about":[{"href":"http:\/\/www.psychotherapie-niedermayr.at\/index.php?rest_route=\/wp\/v2\/types\/page"}],"author":[{"embeddable":true,"href":"http:\/\/www.psychotherapie-niedermayr.at\/index.php?rest_route=\/wp\/v2\/users\/1"}],"replies":[{"embeddable":true,"href":"http:\/\/www.psychotherapie-niedermayr.at\/index.php?rest_route=%2Fwp%2Fv2%2Fcomments&post=23"}],"version-history":[{"count":3,"href":"http:\/\/www.psychotherapie-niedermayr.at\/index.php?rest_route=\/wp\/v2\/pages\/23\/revisions"}],"predecessor-version":[{"id":287,"href":"http:\/\/www.psychotherapie-niedermayr.at\/index.php?rest_route=\/wp\/v2\/pages\/23\/revisions\/287"}],"wp:attachment":[{"href":"http:\/\/www.psychotherapie-niedermayr.at\/index.php?rest_route=%2Fwp%2Fv2%2Fmedia&parent=23"}],"curies":[{"name":"wp","href":"https:\/\/api.w.org\/{rel}","templated":true}]}}