{"id":198,"date":"2017-01-05T12:22:56","date_gmt":"2017-01-05T11:22:56","guid":{"rendered":"http:\/\/www.psychotherapie-niedermayr.at\/?page_id=198"},"modified":"2025-10-23T15:01:26","modified_gmt":"2025-10-23T13:01:26","slug":"akzeptanz-und-commitment-therapie","status":"publish","type":"page","link":"https:\/\/www.psychotherapie-niedermayr.at\/?page_id=198","title":{"rendered":"Akzeptanz- und Commitment- Therapie (ACT)"},"content":{"rendered":"<p>Die ACT geht davon aus, dass viel Leiden erst dadurch entsteht und bestehen bleibt, weil wir bestimmte Gedanken, Gef\u00fchle und K\u00f6rperempfindungen als bedrohlich und unerw\u00fcnscht bewerten oder ihnen sehr viel Macht \u00fcber unser Handeln geben.<\/p>\n<p>Zum Beispiel kann es sein, dass ein Klient den Wunsch hat, in der Therapie seine Unsicherheit und Angst in sozialen Situationen \u201eendlich loszuwerden\u201c. Er vermeidet solche Situationen so gut er kann, und verachtet sich selbst f\u00fcr seine \u201epeinlichen Auftritte\u201c. Mit verschiedenen Strategien beginnt er einen \u201eKampf\u201c gegen seine Unsicherheiten, was meist dazu f\u00fchrt, dass die Aufmerksamkeit nur noch auf die Unsicherheit gerichtet ist. Die Unsicherheit w\u00e4chst dadurch und Authentizit\u00e4t geht verloren.<\/p>\n<p>Oft haben Menschen das starke Bestreben, sich zu \u201eReparieren\u201c, obwohl es gar keine wirkliche Notwendigkeit daf\u00fcr gibt. Noch schlimmer: Das \u201eReparatur-Bed\u00fcrfnis\u201c selbst ist zum eigentlichen Problem geworden.<\/p>\n<p>Wir m\u00fcssen dann lernen, dass wir nicht zuerst irgendein Gef\u00fchl beseitigen m\u00fcssen, um eine Handlung durchzuf\u00fchren, sondern dass wir auch MIT dem unerw\u00fcnschten Gef\u00fchl handeln k\u00f6nnen.<\/p>\n<p>Es wird auch darum gehen, den Fokus wieder auf das zu lenken, was uns eigentlich wichtig und wertvoll im Leben ist, und unser Handeln auch darauf auszurichten. Akzeptanz in diesem Zusammenhang bedeutet dann auch keineswegs Resignation, sondern den sch\u00e4dlichen und energieraubenden Kampf gegen sich selbst aufzugeben, um sein Leben wieder auf wichtigere Dinge ausrichten zu k\u00f6nnen.<\/p>\n","protected":false},"excerpt":{"rendered":"<p>Die ACT geht davon aus, dass viel Leiden erst dadurch entsteht und bestehen bleibt, weil wir bestimmte Gedanken, Gef\u00fchle und K\u00f6rperempfindungen als bedrohlich und unerw\u00fcnscht bewerten oder ihnen sehr viel Macht \u00fcber unser Handeln geben. Zum Beispiel kann es sein, dass ein Klient den Wunsch hat, in der Therapie seine Unsicherheit und Angst in sozialen&#8230;<\/p>\n","protected":false},"author":1,"featured_media":0,"parent":78,"menu_order":1,"comment_status":"closed","ping_status":"closed","template":"","meta":{"footnotes":""},"class_list":["post-198","page","type-page","status-publish","hentry"],"amp_enabled":true,"_links":{"self":[{"href":"https:\/\/www.psychotherapie-niedermayr.at\/index.php?rest_route=\/wp\/v2\/pages\/198","targetHints":{"allow":["GET"]}}],"collection":[{"href":"https:\/\/www.psychotherapie-niedermayr.at\/index.php?rest_route=\/wp\/v2\/pages"}],"about":[{"href":"https:\/\/www.psychotherapie-niedermayr.at\/index.php?rest_route=\/wp\/v2\/types\/page"}],"author":[{"embeddable":true,"href":"https:\/\/www.psychotherapie-niedermayr.at\/index.php?rest_route=\/wp\/v2\/users\/1"}],"replies":[{"embeddable":true,"href":"https:\/\/www.psychotherapie-niedermayr.at\/index.php?rest_route=%2Fwp%2Fv2%2Fcomments&post=198"}],"version-history":[{"count":3,"href":"https:\/\/www.psychotherapie-niedermayr.at\/index.php?rest_route=\/wp\/v2\/pages\/198\/revisions"}],"predecessor-version":[{"id":211,"href":"https:\/\/www.psychotherapie-niedermayr.at\/index.php?rest_route=\/wp\/v2\/pages\/198\/revisions\/211"}],"up":[{"embeddable":true,"href":"https:\/\/www.psychotherapie-niedermayr.at\/index.php?rest_route=\/wp\/v2\/pages\/78"}],"wp:attachment":[{"href":"https:\/\/www.psychotherapie-niedermayr.at\/index.php?rest_route=%2Fwp%2Fv2%2Fmedia&parent=198"}],"curies":[{"name":"wp","href":"https:\/\/api.w.org\/{rel}","templated":true}]}}