{"id":45,"date":"2016-05-01T14:18:30","date_gmt":"2016-05-01T12:18:30","guid":{"rendered":"http:\/\/www.psychotherapie-niedermayr.at\/first\/?page_id=45"},"modified":"2016-12-30T12:43:50","modified_gmt":"2016-12-30T11:43:50","slug":"unterseite-2","status":"publish","type":"page","link":"https:\/\/www.psychotherapie-niedermayr.at\/?page_id=45","title":{"rendered":"Angstst\u00f6rungen"},"content":{"rendered":"<p>Gemeinsam ist dieser Gruppe von St\u00f6rungen das intensive Erleben von Angst und Panik in bestimmten Situationen. Dabei kann es sich zum Beispiel um soziale Situationen (Sozialphobie), um beengte R\u00e4ume mit eingeschr\u00e4nkter \u201eFluchtm\u00f6glichkeit\u201c (Agoraphobie) oder um ganz spezielle Situationen und Objekte (Tierphobien, H\u00f6henangst, Blut-Spritzen-Injektions Phobie, etc) handeln.<\/p>\n<p>Das Leiden der betroffenen Personen entsteht dann meist durch Vermeidung und Aufschieben von angstbesetzten Situationen. Sie k\u00f6nnen nur mehr in eingeschr\u00e4nktem Ma\u00df das von ihnen erstrebte Leben f\u00fchren und ihr Selbstwert sinkt meist.<\/p>\n<p>Angst ist ein sehr wichtiges Gef\u00fchl: Es signalisiert uns Gefahr und bereitet unseren K\u00f6rper auf eine Kampf-, Flucht oder auch Unterwerfungsreaktion vor. Bei Personen mit Angstst\u00f6rungen entspricht die Angstreaktion allerdings nicht mehr der tats\u00e4chlichen Gef\u00e4hrdung durch die Situation. Eine Party, ein voller Kinosaal, ein Hund, ein erh\u00f6hter Pulsschlag, eine Blutabnahme usw. sind in der Regel keine gef\u00e4hrlichen Situationen.<\/p>\n<p>Insofern wird es im Kern der Therapie auch um das Erlernen eines neuen Umgangs mit der Angst gehen. Um diese Angst auch hervorzurufen, braucht es dann auch eine Konfrontation mit angstbesetzten Situationen. Gemeinsam wird entschieden, welche Situationen f\u00fcr einen ersten Schritt in Richtung Angst passen k\u00f6nnten. Dabei werden dann neue Bewertungen und neue Sichtweisen auf die Angstsymptome erprobt.<\/p>\n","protected":false},"excerpt":{"rendered":"<p>Gemeinsam ist dieser Gruppe von St\u00f6rungen das intensive Erleben von Angst und Panik in bestimmten Situationen. Dabei kann es sich zum Beispiel um soziale Situationen (Sozialphobie), um beengte R\u00e4ume mit eingeschr\u00e4nkter \u201eFluchtm\u00f6glichkeit\u201c (Agoraphobie) oder um ganz spezielle Situationen und Objekte (Tierphobien, H\u00f6henangst, Blut-Spritzen-Injektions Phobie, etc) handeln. Das Leiden der betroffenen Personen entsteht dann meist durch&#8230;<\/p>\n","protected":false},"author":1,"featured_media":0,"parent":23,"menu_order":1,"comment_status":"closed","ping_status":"closed","template":"","meta":{"footnotes":""},"class_list":["post-45","page","type-page","status-publish","hentry"],"amp_enabled":true,"_links":{"self":[{"href":"https:\/\/www.psychotherapie-niedermayr.at\/index.php?rest_route=\/wp\/v2\/pages\/45","targetHints":{"allow":["GET"]}}],"collection":[{"href":"https:\/\/www.psychotherapie-niedermayr.at\/index.php?rest_route=\/wp\/v2\/pages"}],"about":[{"href":"https:\/\/www.psychotherapie-niedermayr.at\/index.php?rest_route=\/wp\/v2\/types\/page"}],"author":[{"embeddable":true,"href":"https:\/\/www.psychotherapie-niedermayr.at\/index.php?rest_route=\/wp\/v2\/users\/1"}],"replies":[{"embeddable":true,"href":"https:\/\/www.psychotherapie-niedermayr.at\/index.php?rest_route=%2Fwp%2Fv2%2Fcomments&post=45"}],"version-history":[{"count":5,"href":"https:\/\/www.psychotherapie-niedermayr.at\/index.php?rest_route=\/wp\/v2\/pages\/45\/revisions"}],"predecessor-version":[{"id":170,"href":"https:\/\/www.psychotherapie-niedermayr.at\/index.php?rest_route=\/wp\/v2\/pages\/45\/revisions\/170"}],"up":[{"embeddable":true,"href":"https:\/\/www.psychotherapie-niedermayr.at\/index.php?rest_route=\/wp\/v2\/pages\/23"}],"wp:attachment":[{"href":"https:\/\/www.psychotherapie-niedermayr.at\/index.php?rest_route=%2Fwp%2Fv2%2Fmedia&parent=45"}],"curies":[{"name":"wp","href":"https:\/\/api.w.org\/{rel}","templated":true}]}}