{"id":78,"date":"2016-05-01T21:01:21","date_gmt":"2016-05-01T19:01:21","guid":{"rendered":"http:\/\/www.psychotherapie-niedermayr.at\/first\/?page_id=78"},"modified":"2017-01-05T22:01:36","modified_gmt":"2017-01-05T21:01:36","slug":"ergaenzungen-zur-verhaltenstherapie","status":"publish","type":"page","link":"https:\/\/www.psychotherapie-niedermayr.at\/?page_id=78","title":{"rendered":"Erg\u00e4nzungen zur Verhaltenstherapie"},"content":{"rendered":"<p>Die Verhaltenstherapie ist traditionell offen gegen\u00fcber neuen Erkenntnissen aus der Therapieforschung. Besonders 2 neue Ans\u00e4tze, die eine Erg\u00e4nzung zur Verhaltenstherapie darstellen, beeinflussen mein Verst\u00e4ndnis von Psychotherapie: Die <a href=\"http:\/\/www.psychotherapie-niedermayr.at\/?page_id=198\">Akzeptanz- und Commitment-Therapie<\/a> (ACT)\u00a0 und die <a href=\"http:\/\/www.psychotherapie-niedermayr.at\/?page_id=203\">Schematherapie<\/a>.<\/p>\n<p>&nbsp;<\/p>\n","protected":false},"excerpt":{"rendered":"<p>Die Verhaltenstherapie ist traditionell offen gegen\u00fcber neuen Erkenntnissen aus der Therapieforschung. Besonders 2 neue Ans\u00e4tze, die eine Erg\u00e4nzung zur Verhaltenstherapie darstellen, beeinflussen mein Verst\u00e4ndnis von Psychotherapie: Die Akzeptanz- und Commitment-Therapie (ACT)\u00a0 und die Schematherapie. &nbsp;<\/p>\n","protected":false},"author":1,"featured_media":0,"parent":21,"menu_order":2,"comment_status":"closed","ping_status":"closed","template":"","meta":{"footnotes":""},"class_list":["post-78","page","type-page","status-publish","hentry"],"amp_enabled":true,"_links":{"self":[{"href":"https:\/\/www.psychotherapie-niedermayr.at\/index.php?rest_route=\/wp\/v2\/pages\/78","targetHints":{"allow":["GET"]}}],"collection":[{"href":"https:\/\/www.psychotherapie-niedermayr.at\/index.php?rest_route=\/wp\/v2\/pages"}],"about":[{"href":"https:\/\/www.psychotherapie-niedermayr.at\/index.php?rest_route=\/wp\/v2\/types\/page"}],"author":[{"embeddable":true,"href":"https:\/\/www.psychotherapie-niedermayr.at\/index.php?rest_route=\/wp\/v2\/users\/1"}],"replies":[{"embeddable":true,"href":"https:\/\/www.psychotherapie-niedermayr.at\/index.php?rest_route=%2Fwp%2Fv2%2Fcomments&post=78"}],"version-history":[{"count":9,"href":"https:\/\/www.psychotherapie-niedermayr.at\/index.php?rest_route=\/wp\/v2\/pages\/78\/revisions"}],"predecessor-version":[{"id":205,"href":"https:\/\/www.psychotherapie-niedermayr.at\/index.php?rest_route=\/wp\/v2\/pages\/78\/revisions\/205"}],"up":[{"embeddable":true,"href":"https:\/\/www.psychotherapie-niedermayr.at\/index.php?rest_route=\/wp\/v2\/pages\/21"}],"wp:attachment":[{"href":"https:\/\/www.psychotherapie-niedermayr.at\/index.php?rest_route=%2Fwp%2Fv2%2Fmedia&parent=78"}],"curies":[{"name":"wp","href":"https:\/\/api.w.org\/{rel}","templated":true}]}}